{"id":212,"date":"2025-01-27T12:41:34","date_gmt":"2025-01-27T12:41:34","guid":{"rendered":"https:\/\/serenity-dazur.com\/terms-and-conditions\/"},"modified":"2025-01-27T12:41:38","modified_gmt":"2025-01-27T12:41:38","slug":"bedingungen-und-konditionen","status":"publish","type":"page","link":"https:\/\/serenity-dazur.com\/de\/terms-and-conditions\/","title":{"rendered":"Bedingungen und Konditionen"},"content":{"rendered":"<div data-elementor-type=\"wp-page\" data-elementor-id=\"212\" class=\"elementor elementor-212\">\n\t\t\t\t<div class=\"elementor-element elementor-element-cakxkc21 twbb_section e-con-boxed e-flex e-con e-parent\" data-id=\"cakxkc21\" data-element_type=\"container\" data-e-type=\"container\">\n\t\t\t\t\t<div class=\"e-con-inner\">\n\t\t\t\t<div class=\"elementor-element elementor-element-5yz8vg0e elementor-widget__width-initial elementor-widget-mobile__width-inherit elementor-widget-tablet__width-initial elementor-invisible elementor-widget elementor-widget-heading\" data-id=\"5yz8vg0e\" data-element_type=\"widget\" data-e-type=\"widget\" data-settings=\"{&quot;_animation&quot;:&quot;fadeInUp&quot;}\" data-widget_type=\"heading.default\">\n\t\t\t\t<div class=\"elementor-widget-container\">\n\t\t\t\t\t<h1 class=\"elementor-heading-title elementor-size-default\">Bedingungen und Konditionen<\/h1>\t\t\t\t<\/div>\n\t\t\t\t<\/div>\n\t\t\t\t\t<\/div>\n\t\t\t\t<\/div>\n\t\t<div class=\"elementor-element elementor-element-rnttolfn twbb_section e-con-boxed e-flex e-con e-parent\" data-id=\"rnttolfn\" data-element_type=\"container\" data-e-type=\"container\">\n\t\t\t\t\t<div class=\"e-con-inner\">\n\t\t\t\t<div class=\"elementor-element elementor-element-nh977lxc elementor-widget__width-initial elementor-widget-mobile__width-inherit elementor-widget-tablet__width-initial elementor-invisible elementor-widget elementor-widget-text-editor\" data-id=\"nh977lxc\" data-element_type=\"widget\" data-e-type=\"widget\" data-settings=\"{&quot;_animation&quot;:&quot;fadeInUp&quot;}\" data-widget_type=\"text-editor.default\">\n\t\t\t\t<div class=\"elementor-widget-container\">\n\t\t\t\t\t\t\t\t\t<p>Willkommen bei Serenity D'azur. Indem Sie auf unsere Website zugreifen und unsere Dienste in Anspruch nehmen, erkl\u00e4ren Sie sich mit den folgenden Bedingungen einverstanden und sind an sie gebunden. Bitte lesen Sie diese sorgf\u00e4ltig durch.<\/p><p><strong>1. Annahme der Bedingungen<\/strong><br>Durch die Nutzung unserer Dienste best\u00e4tigst du, dass du diese Bedingungen akzeptierst und dich mit ihnen einverstanden erkl\u00e4rst. Wenn Sie diesen Bedingungen nicht zustimmen, d\u00fcrfen Sie unsere Dienste nicht nutzen.<\/p><p><strong>2. Angebotene Dienste<\/strong><br>Serenity D'azur bietet einen Premium-Concierge-Service f\u00fcr Villen an der C\u00f4te d'Azur, Frankreich, an. Unsere Plattform erm\u00f6glicht es Gastgebern, ihre Immobilien zu verwalten und Touristen, exklusive Villenerlebnisse zu erkunden.<\/p><p><strong>3. User Responsibilities<\/strong><br>Benutzer sind f\u00fcr die Wahrung der Vertraulichkeit ihrer Kontoinformationen und f\u00fcr alle Aktivit\u00e4ten, die unter ihrem Konto stattfinden, verantwortlich. Sie erkl\u00e4ren sich damit einverstanden, jede unberechtigte Nutzung ihres Kontos sofort zu melden.<\/p><p><strong>4. Geistiges Eigentum<\/strong><br>Alle Inhalte auf dieser Website, einschlie\u00dflich Text, Grafiken, Logos und Bilder, sind Eigentum von Serenity D'azur und werden durch internationale Urheberrechtsgesetze gesch\u00fctzt. Sie d\u00fcrfen Inhalte ohne unsere ausdr\u00fcckliche schriftliche Genehmigung nicht vervielf\u00e4ltigen, verbreiten oder daraus abgeleitete Werke erstellen.<\/p><p><strong>5. Beschr\u00e4nkung der Haftung<\/strong><br>Serenity D'azur haftet nicht f\u00fcr direkte, indirekte, beil\u00e4ufige oder Folgesch\u00e4den, die sich aus der Nutzung unserer Dienste oder der Unf\u00e4higkeit, unsere Dienste zu nutzen, ergeben. Wir \u00fcbernehmen keine Garantie f\u00fcr die Richtigkeit oder Vollst\u00e4ndigkeit der auf unserer Website bereitgestellten Informationen.<\/p><p><strong>6. Governing Law<\/strong><br>Diese Bedingungen und Konditionen unterliegen den Gesetzen Frankreichs und werden in \u00dcbereinstimmung mit diesen aufgebaut. Jegliche Streitigkeiten, die sich aus diesen Bedingungen ergeben, unterliegen der ausschlie\u00dflichen Zust\u00e4ndigkeit der Gerichte Frankreichs.<\/p><p><strong>7. \u00c4nderungen der Bedingungen<\/strong><br>We reserve the right to change these terms and conditions at any time. Alle \u00c4nderungen werden sofort nach Ver\u00f6ffentlichung auf unserer Website wirksam. Ihre fortgesetzte Nutzung unserer Dienste nach einer \u00c4nderung bedeutet, dass Sie die neuen Bedingungen akzeptieren.<\/p><p>Wenn Sie Fragen zu diesen Bedingungen und Konditionen haben, kontaktieren Sie uns bitte.<\/p>\t\t\t\t\t\t\t\t<\/div>\n\t\t\t\t<\/div>\n\t\t\t\t\t<\/div>\n\t\t\t\t<\/div>\n\t\t\t\t<\/div>","protected":false},"excerpt":{"rendered":"","protected":false},"author":0,"featured_media":0,"parent":0,"menu_order":0,"comment_status":"closed","ping_status":"publish","template":"","meta":{"two_page_speed":[],"footnotes":""},"class_list":["post-212","page","type-page","status-publish","hentry"],"_links":{"self":[{"href":"https:\/\/serenity-dazur.com\/de\/wp-json\/wp\/v2\/pages\/212","targetHints":{"allow":["GET"]}}],"collection":[{"href":"https:\/\/serenity-dazur.com\/de\/wp-json\/wp\/v2\/pages"}],"about":[{"href":"https:\/\/serenity-dazur.com\/de\/wp-json\/wp\/v2\/types\/page"}],"replies":[{"embeddable":true,"href":"https:\/\/serenity-dazur.com\/de\/wp-json\/wp\/v2\/comments?post=212"}],"version-history":[{"count":1,"href":"https:\/\/serenity-dazur.com\/de\/wp-json\/wp\/v2\/pages\/212\/revisions"}],"predecessor-version":[{"id":243,"href":"https:\/\/serenity-dazur.com\/de\/wp-json\/wp\/v2\/pages\/212\/revisions\/243"}],"wp:attachment":[{"href":"https:\/\/serenity-dazur.com\/de\/wp-json\/wp\/v2\/media?parent=212"}],"curies":[{"name":"wp","href":"https:\/\/api.w.org\/{rel}","templated":true}]}}