{"id":213,"date":"2025-01-27T12:41:34","date_gmt":"2025-01-27T12:41:34","guid":{"rendered":"https:\/\/serenity-dazur.com\/privacy-policy\/"},"modified":"2025-01-27T12:41:38","modified_gmt":"2025-01-27T12:41:38","slug":"datenschutzbestimmungen","status":"publish","type":"page","link":"https:\/\/serenity-dazur.com\/de\/privacy-policy\/","title":{"rendered":"Privacy Policy"},"content":{"rendered":"<div data-elementor-type=\"wp-page\" data-elementor-id=\"213\" class=\"elementor elementor-213\">\n\t\t\t\t<div class=\"elementor-element elementor-element-o2ainynb twbb_section e-con-boxed e-flex e-con e-parent\" data-id=\"o2ainynb\" data-element_type=\"container\" data-e-type=\"container\">\n\t\t\t\t\t<div class=\"e-con-inner\">\n\t\t\t\t<div class=\"elementor-element elementor-element-bm9s7chk elementor-widget__width-initial elementor-widget-mobile__width-inherit elementor-widget-tablet__width-initial elementor-invisible elementor-widget elementor-widget-heading\" data-id=\"bm9s7chk\" data-element_type=\"widget\" data-e-type=\"widget\" data-settings=\"{&quot;_animation&quot;:&quot;fadeInUp&quot;}\" data-widget_type=\"heading.default\">\n\t\t\t\t<div class=\"elementor-widget-container\">\n\t\t\t\t\t<h1 class=\"elementor-heading-title elementor-size-default\">Privacy Policy<\/h1>\t\t\t\t<\/div>\n\t\t\t\t<\/div>\n\t\t\t\t\t<\/div>\n\t\t\t\t<\/div>\n\t\t<div class=\"elementor-element elementor-element-vgldpvf9 twbb_section e-con-boxed e-flex e-con e-parent\" data-id=\"vgldpvf9\" data-element_type=\"container\" data-e-type=\"container\">\n\t\t\t\t\t<div class=\"e-con-inner\">\n\t\t\t\t<div class=\"elementor-element elementor-element-8tp9t6ys elementor-widget__width-initial elementor-widget-mobile__width-inherit elementor-widget-tablet__width-initial elementor-invisible elementor-widget elementor-widget-text-editor\" data-id=\"8tp9t6ys\" data-element_type=\"widget\" data-e-type=\"widget\" data-settings=\"{&quot;_animation&quot;:&quot;fadeInUp&quot;}\" data-widget_type=\"text-editor.default\">\n\t\t\t\t<div class=\"elementor-widget-container\">\n\t\t\t\t\t\t\t\t\t<p>Ihre Privatsph\u00e4re ist uns bei Serenity D'azur wichtig. Diese Datenschutzrichtlinie beschreibt, wie wir Ihre pers\u00f6nlichen Informationen sammeln, verwenden und sch\u00fctzen.<\/p><p><strong>1. Information We Collect<\/strong><br>We may collect personal information from you when you register on our site, place an order, subscribe to our newsletter, or interact with our services. Diese Informationen k\u00f6nnen Ihren Namen, Ihre E-Mail-Adresse, Ihre Telefonnummer und Ihre Zahlungsinformationen umfassen.<\/p><p><strong>2. Wie wir Ihre Informationen verwenden<\/strong><br>We use the information we collect to provide and improve our services, process transactions, send periodic emails, and respond to inquiries. We may also use your information to personalize your experience on our website.<\/p><p><strong>3. Datenschutz<\/strong><br>Wir implementieren eine Vielzahl von Sicherheitsma\u00dfnahmen, um die Sicherheit Ihrer pers\u00f6nlichen Informationen zu gew\u00e4hrleisten. Ihre pers\u00f6nlichen Informationen werden in sicheren Netzwerken gespeichert und sind nur f\u00fcr eine begrenzte Anzahl von Personen mit besonderen Zugriffsrechten zug\u00e4nglich.<\/p><p><strong>4. Sharing Your Information<\/strong><br>We do not sell, trade, or otherwise transfer your personal information to outside parties without your consent, except to provide services you have requested or as required by law.<\/p><p><strong>5. Cookies<\/strong><br>Unsere Website kann Cookies verwenden, um die Benutzerfreundlichkeit zu erh\u00f6hen. Sie k\u00f6nnen w\u00e4hlen, ob Sie Cookies annehmen oder ablehnen m\u00f6chten. Die meisten Webbrowser akzeptieren Cookies automatisch, aber Sie k\u00f6nnen Ihre Browser-Einstellung \u00e4ndern, um Cookies abzulehnen, wenn Sie dies bevorzugen.<\/p><p><strong>6. Ihre Rechte<\/strong><br>Sie haben das Recht, Zugang zu den von uns \u00fcber Sie gespeicherten personenbezogenen Daten zu beantragen, Korrekturen zu verlangen und die L\u00f6schung Ihrer personenbezogenen Daten zu beantragen. Um diese Rechte auszu\u00fcben, wenden Sie sich bitte an uns.<\/p><p><strong>7. \u00c4nderungen an dieser Datenschutzrichtlinie<\/strong><br>We may update this Privacy Policy from time to time. We will notify you about significant changes in the way we treat personal information by sending a notice to the primary email address specified in your account or by placing a prominent notice on our site.<\/p><p>Wenn Sie Fragen zu dieser Datenschutzrichtlinie haben, wenden Sie sich bitte an uns.<\/p>\t\t\t\t\t\t\t\t<\/div>\n\t\t\t\t<\/div>\n\t\t\t\t\t<\/div>\n\t\t\t\t<\/div>\n\t\t\t\t<\/div>","protected":false},"excerpt":{"rendered":"","protected":false},"author":0,"featured_media":0,"parent":0,"menu_order":0,"comment_status":"closed","ping_status":"publish","template":"","meta":{"two_page_speed":[],"footnotes":""},"class_list":["post-213","page","type-page","status-publish","hentry"],"_links":{"self":[{"href":"https:\/\/serenity-dazur.com\/de\/wp-json\/wp\/v2\/pages\/213","targetHints":{"allow":["GET"]}}],"collection":[{"href":"https:\/\/serenity-dazur.com\/de\/wp-json\/wp\/v2\/pages"}],"about":[{"href":"https:\/\/serenity-dazur.com\/de\/wp-json\/wp\/v2\/types\/page"}],"replies":[{"embeddable":true,"href":"https:\/\/serenity-dazur.com\/de\/wp-json\/wp\/v2\/comments?post=213"}],"version-history":[{"count":1,"href":"https:\/\/serenity-dazur.com\/de\/wp-json\/wp\/v2\/pages\/213\/revisions"}],"predecessor-version":[{"id":244,"href":"https:\/\/serenity-dazur.com\/de\/wp-json\/wp\/v2\/pages\/213\/revisions\/244"}],"wp:attachment":[{"href":"https:\/\/serenity-dazur.com\/de\/wp-json\/wp\/v2\/media?parent=213"}],"curies":[{"name":"wp","href":"https:\/\/api.w.org\/{rel}","templated":true}]}}