{"id":212,"date":"2025-01-27T12:41:34","date_gmt":"2025-01-27T12:41:34","guid":{"rendered":"https:\/\/serenity-dazur.com\/terms-and-conditions\/"},"modified":"2025-01-27T12:41:38","modified_gmt":"2025-01-27T12:41:38","slug":"condiciones-generales","status":"publish","type":"page","link":"https:\/\/serenity-dazur.com\/es\/terms-and-conditions\/","title":{"rendered":"Condiciones generales"},"content":{"rendered":"<div data-elementor-type=\"wp-page\" data-elementor-id=\"212\" class=\"elementor elementor-212\">\n\t\t\t\t<div class=\"elementor-element elementor-element-cakxkc21 twbb_section e-con-boxed e-flex e-con e-parent\" data-id=\"cakxkc21\" data-element_type=\"container\" data-e-type=\"container\">\n\t\t\t\t\t<div class=\"e-con-inner\">\n\t\t\t\t<div class=\"elementor-element elementor-element-5yz8vg0e elementor-widget__width-initial elementor-widget-mobile__width-inherit elementor-widget-tablet__width-initial elementor-invisible elementor-widget elementor-widget-heading\" data-id=\"5yz8vg0e\" data-element_type=\"widget\" data-e-type=\"widget\" data-settings=\"{&quot;_animation&quot;:&quot;fadeInUp&quot;}\" data-widget_type=\"heading.default\">\n\t\t\t\t<div class=\"elementor-widget-container\">\n\t\t\t\t\t<h1 class=\"elementor-heading-title elementor-size-default\">Condiciones generales<\/h1>\t\t\t\t<\/div>\n\t\t\t\t<\/div>\n\t\t\t\t\t<\/div>\n\t\t\t\t<\/div>\n\t\t<div class=\"elementor-element elementor-element-rnttolfn twbb_section e-con-boxed e-flex e-con e-parent\" data-id=\"rnttolfn\" data-element_type=\"container\" data-e-type=\"container\">\n\t\t\t\t\t<div class=\"e-con-inner\">\n\t\t\t\t<div class=\"elementor-element elementor-element-nh977lxc elementor-widget__width-initial elementor-widget-mobile__width-inherit elementor-widget-tablet__width-initial elementor-invisible elementor-widget elementor-widget-text-editor\" data-id=\"nh977lxc\" data-element_type=\"widget\" data-e-type=\"widget\" data-settings=\"{&quot;_animation&quot;:&quot;fadeInUp&quot;}\" data-widget_type=\"text-editor.default\">\n\t\t\t\t<div class=\"elementor-widget-container\">\n\t\t\t\t\t\t\t\t\t<p>Bienvenido a Serenity D'azur. Al acceder a nuestro sitio web y utilizar nuestros servicios, acepta cumplir y quedar vinculado por los siguientes t\u00e9rminos y condiciones. Le rogamos que las lea atentamente.<\/p><p><strong>1. Aceptaci\u00f3n de las condiciones<\/strong><br>Al utilizar nuestros servicios, confirma que acepta estas condiciones y que se compromete a cumplirlas. Si no est\u00e1 de acuerdo con estas condiciones, no debe utilizar nuestros servicios.<\/p><p><strong>2. Servicios prestados<\/strong><br>Serenity D'azur ofrece un servicio premium de conserjer\u00eda para villas en la Costa Azul, Francia. Nuestra plataforma permite a los anfitriones gestionar sus propiedades y a los turistas explorar experiencias exclusivas en villas.<\/p><p><strong>3. Responsabilidades del usuario<\/strong><br>Los usuarios son responsables de mantener la confidencialidad de la informaci\u00f3n de su cuenta y de todas las actividades que se realicen con ella. El usuario se compromete a notificarnos inmediatamente cualquier uso no autorizado de su cuenta.<\/p><p><strong>4. 4. Propiedad intelectual<\/strong><br>Todo el contenido de este sitio web, incluidos textos, gr\u00e1ficos, logotipos e im\u00e1genes, es propiedad de Serenity D'azur y est\u00e1 protegido por las leyes internacionales de derechos de autor. Usted no puede reproducir, distribuir o crear trabajos derivados de cualquier contenido sin nuestro permiso expreso por escrito.<\/p><p><strong>5. 5. Limitaci\u00f3n de responsabilidad<\/strong><br>Serenity D'azur no ser\u00e1 responsable de ning\u00fan da\u00f1o directo, indirecto, incidental o consecuente derivado del uso de nuestros servicios o de la imposibilidad de utilizarlos. No garantizamos la exactitud ni la exhaustividad de la informaci\u00f3n proporcionada en nuestro sitio web.<\/p><p><strong>6. Derecho aplicable<\/strong><br>Las presentes condiciones se rigen e interpretan de conformidad con la legislaci\u00f3n francesa. Cualquier disputa que surja de estos t\u00e9rminos estar\u00e1 sujeta a la jurisdicci\u00f3n exclusiva de los tribunales de Francia.<\/p><p><strong>7. Modificaci\u00f3n de las condiciones<\/strong><br>Nos reservamos el derecho a modificar estas condiciones en cualquier momento. Cualquier cambio entrar\u00e1 en vigor inmediatamente despu\u00e9s de su publicaci\u00f3n en nuestro sitio web. El uso continuado de nuestros servicios despu\u00e9s de cualquier cambio indica su aceptaci\u00f3n de los nuevos t\u00e9rminos.<\/p><p>Si tiene alguna pregunta sobre estas condiciones, p\u00f3ngase en contacto con nosotros.<\/p>\t\t\t\t\t\t\t\t<\/div>\n\t\t\t\t<\/div>\n\t\t\t\t\t<\/div>\n\t\t\t\t<\/div>\n\t\t\t\t<\/div>","protected":false},"excerpt":{"rendered":"","protected":false},"author":0,"featured_media":0,"parent":0,"menu_order":0,"comment_status":"closed","ping_status":"publish","template":"","meta":{"two_page_speed":[],"footnotes":""},"class_list":["post-212","page","type-page","status-publish","hentry"],"_links":{"self":[{"href":"https:\/\/serenity-dazur.com\/es\/wp-json\/wp\/v2\/pages\/212","targetHints":{"allow":["GET"]}}],"collection":[{"href":"https:\/\/serenity-dazur.com\/es\/wp-json\/wp\/v2\/pages"}],"about":[{"href":"https:\/\/serenity-dazur.com\/es\/wp-json\/wp\/v2\/types\/page"}],"replies":[{"embeddable":true,"href":"https:\/\/serenity-dazur.com\/es\/wp-json\/wp\/v2\/comments?post=212"}],"version-history":[{"count":1,"href":"https:\/\/serenity-dazur.com\/es\/wp-json\/wp\/v2\/pages\/212\/revisions"}],"predecessor-version":[{"id":243,"href":"https:\/\/serenity-dazur.com\/es\/wp-json\/wp\/v2\/pages\/212\/revisions\/243"}],"wp:attachment":[{"href":"https:\/\/serenity-dazur.com\/es\/wp-json\/wp\/v2\/media?parent=212"}],"curies":[{"name":"wp","href":"https:\/\/api.w.org\/{rel}","templated":true}]}}