{"id":213,"date":"2025-01-27T12:41:34","date_gmt":"2025-01-27T12:41:34","guid":{"rendered":"https:\/\/serenity-dazur.com\/privacy-policy\/"},"modified":"2025-01-27T12:41:38","modified_gmt":"2025-01-27T12:41:38","slug":"politica-de-privacidad","status":"publish","type":"page","link":"https:\/\/serenity-dazur.com\/es\/privacy-policy\/","title":{"rendered":"Pol\u00edtica de privacidad"},"content":{"rendered":"<div data-elementor-type=\"wp-page\" data-elementor-id=\"213\" class=\"elementor elementor-213\">\n\t\t\t\t<div class=\"elementor-element elementor-element-o2ainynb twbb_section e-con-boxed e-flex e-con e-parent\" data-id=\"o2ainynb\" data-element_type=\"container\" data-e-type=\"container\">\n\t\t\t\t\t<div class=\"e-con-inner\">\n\t\t\t\t<div class=\"elementor-element elementor-element-bm9s7chk elementor-widget__width-initial elementor-widget-mobile__width-inherit elementor-widget-tablet__width-initial elementor-invisible elementor-widget elementor-widget-heading\" data-id=\"bm9s7chk\" data-element_type=\"widget\" data-e-type=\"widget\" data-settings=\"{&quot;_animation&quot;:&quot;fadeInUp&quot;}\" data-widget_type=\"heading.default\">\n\t\t\t\t<div class=\"elementor-widget-container\">\n\t\t\t\t\t<h1 class=\"elementor-heading-title elementor-size-default\">Pol\u00edtica de privacidad<\/h1>\t\t\t\t<\/div>\n\t\t\t\t<\/div>\n\t\t\t\t\t<\/div>\n\t\t\t\t<\/div>\n\t\t<div class=\"elementor-element elementor-element-vgldpvf9 twbb_section e-con-boxed e-flex e-con e-parent\" data-id=\"vgldpvf9\" data-element_type=\"container\" data-e-type=\"container\">\n\t\t\t\t\t<div class=\"e-con-inner\">\n\t\t\t\t<div class=\"elementor-element elementor-element-8tp9t6ys elementor-widget__width-initial elementor-widget-mobile__width-inherit elementor-widget-tablet__width-initial elementor-invisible elementor-widget elementor-widget-text-editor\" data-id=\"8tp9t6ys\" data-element_type=\"widget\" data-e-type=\"widget\" data-settings=\"{&quot;_animation&quot;:&quot;fadeInUp&quot;}\" data-widget_type=\"text-editor.default\">\n\t\t\t\t<div class=\"elementor-widget-container\">\n\t\t\t\t\t\t\t\t\t<p>Su privacidad es importante para nosotros en Serenity D'azur. Esta pol\u00edtica de privacidad describe c\u00f3mo recopilamos, utilizamos y protegemos su informaci\u00f3n personal.<\/p><p><strong>1. Informaci\u00f3n que recopilamos<\/strong><br>Podemos recopilar informaci\u00f3n personal suya cuando se registra en nuestro sitio, realiza un pedido, se suscribe a nuestro bolet\u00edn de noticias o interact\u00faa con nuestros servicios. Esta informaci\u00f3n puede incluir su nombre, direcci\u00f3n de correo electr\u00f3nico, n\u00famero de tel\u00e9fono e informaci\u00f3n de pago.<\/p><p><strong>2. C\u00f3mo utilizamos su informaci\u00f3n<\/strong><br>Utilizamos la informaci\u00f3n que recopilamos para prestar y mejorar nuestros servicios, procesar transacciones, enviar correos electr\u00f3nicos peri\u00f3dicos y responder a consultas. Tambi\u00e9n podemos utilizar su informaci\u00f3n para personalizar su experiencia en nuestro sitio web.<\/p><p><strong>3. 3. Protecci\u00f3n de datos<\/strong><br>Aplicamos diversas medidas de seguridad para mantener la seguridad de su informaci\u00f3n personal. Sus datos personales se almacenan en redes seguras a las que s\u00f3lo puede acceder un n\u00famero limitado de personas con derechos de acceso especiales.<\/p><p><strong>4. Compartir su informaci\u00f3n<\/strong><br>No vendemos, intercambiamos ni transferimos de ning\u00fan otro modo su informaci\u00f3n personal a terceros sin su consentimiento, salvo para prestarle los servicios que nos haya solicitado o por imperativo legal.<\/p><p><strong>5. Cookies<\/strong><br>Nuestro sitio web puede utilizar cookies para mejorar la experiencia del usuario. Puede optar por aceptar o rechazar las cookies. La mayor\u00eda de los navegadores aceptan autom\u00e1ticamente las cookies, pero usted puede modificar la configuraci\u00f3n de su navegador para rechazarlas si lo prefiere.<\/p><p><strong>6. Sus derechos<\/strong><br>Tiene derecho a solicitar acceso a la informaci\u00f3n personal que tenemos sobre usted, a solicitar correcciones y a solicitar la supresi\u00f3n de su informaci\u00f3n personal. Para ejercer estos derechos, p\u00f3ngase en contacto con nosotros.<\/p><p><strong>7. Cambios en esta pol\u00edtica de privacidad<\/strong><br>Podemos actualizar esta Pol\u00edtica de Privacidad de vez en cuando. Le notificaremos los cambios significativos en la forma en que tratamos la informaci\u00f3n personal envi\u00e1ndole un aviso a la direcci\u00f3n de correo electr\u00f3nico principal especificada en su cuenta o colocando un aviso destacado en nuestro sitio web.<\/p><p>Si tiene alguna pregunta sobre esta Pol\u00edtica de privacidad, p\u00f3ngase en contacto con nosotros.<\/p>\t\t\t\t\t\t\t\t<\/div>\n\t\t\t\t<\/div>\n\t\t\t\t\t<\/div>\n\t\t\t\t<\/div>\n\t\t\t\t<\/div>","protected":false},"excerpt":{"rendered":"","protected":false},"author":0,"featured_media":0,"parent":0,"menu_order":0,"comment_status":"closed","ping_status":"publish","template":"","meta":{"two_page_speed":[],"footnotes":""},"class_list":["post-213","page","type-page","status-publish","hentry"],"_links":{"self":[{"href":"https:\/\/serenity-dazur.com\/es\/wp-json\/wp\/v2\/pages\/213","targetHints":{"allow":["GET"]}}],"collection":[{"href":"https:\/\/serenity-dazur.com\/es\/wp-json\/wp\/v2\/pages"}],"about":[{"href":"https:\/\/serenity-dazur.com\/es\/wp-json\/wp\/v2\/types\/page"}],"replies":[{"embeddable":true,"href":"https:\/\/serenity-dazur.com\/es\/wp-json\/wp\/v2\/comments?post=213"}],"version-history":[{"count":1,"href":"https:\/\/serenity-dazur.com\/es\/wp-json\/wp\/v2\/pages\/213\/revisions"}],"predecessor-version":[{"id":244,"href":"https:\/\/serenity-dazur.com\/es\/wp-json\/wp\/v2\/pages\/213\/revisions\/244"}],"wp:attachment":[{"href":"https:\/\/serenity-dazur.com\/es\/wp-json\/wp\/v2\/media?parent=213"}],"curies":[{"name":"wp","href":"https:\/\/api.w.org\/{rel}","templated":true}]}}